{"id":1433,"date":"2017-07-13T15:23:41","date_gmt":"2017-07-13T13:23:41","guid":{"rendered":"http:\/\/www.carinthia-transfers.com\/skitransfer-kaernten\/"},"modified":"2017-07-15T18:46:15","modified_gmt":"2017-07-15T16:46:15","slug":"ski-transfers-carinthia","status":"publish","type":"page","link":"https:\/\/www.carinthia-transfers.com\/en\/ski-transfers-carinthia\/","title":{"rendered":"Skitransfer Carinthia"},"content":{"rendered":"<p>[vc_row][vc_column][layerslider_vc id=&#8221;2&#8243;][\/vc_column][\/vc_row][vc_row css=&#8221;.vc_custom_1499950940355{padding-top: 80px !important;padding-bottom: 20px !important;background-color: #ffffff !important;}&#8221;][vc_column]<div class=\"ult-just-icon-wrapper  \"><div class=\"align-icon\" style=\"text-align:center;\">\n<div class=\"aio-icon-img \" style=\"font-size:60px;display:inline-block;\" >\n\t<img class=\"img-icon\" alt=\"null\" src=\"https:\/\/www.carinthia-transfers.com\/wp-content\/uploads\/2015\/03\/logo-icon-grau.png\"\/>\n<\/div><\/div><\/div><div class=\"ult-spacer spacer-69d47dd87f0b0\" data-id=\"69d47dd87f0b0\" data-height=\"10\" data-height-mobile=\"10\" data-height-tab=\"10\" data-height-tab-portrait=\"10\" data-height-mobile-landscape=\"10\" style=\"clear:both;display:block;\"><\/div><div id=\"ultimate-heading-586569d47dd87f0e5\" class=\"uvc-heading ult-adjust-bottom-margin ultimate-heading-586569d47dd87f0e5 uvc-9212 \" data-hspacer=\"no_spacer\"  data-halign=\"center\" style=\"text-align:center\"><div class=\"uvc-heading-spacer no_spacer\" style=\"top\"><\/div><div class=\"uvc-main-heading ult-responsive\"  data-ultimate-target='.uvc-heading.ultimate-heading-586569d47dd87f0e5 h1'  data-responsive-json-new='{\"font-size\":\"desktop:32px;\",\"line-height\":\"\"}' ><h1 style=\"font-weight:normal;color:#606060;\">Carinthia Transfers \u2013 VIP Taxi from Klagenfurt to all snow-covered Ski Resorts<\/h1><\/div><\/div><div class=\"ult-spacer spacer-69d47dd87f11d\" data-id=\"69d47dd87f11d\" data-height=\"12\" data-height-mobile=\"12\" data-height-tab=\"12\" data-height-tab-portrait=\"12\" data-height-mobile-landscape=\"12\" style=\"clear:both;display:block;\"><\/div>[vc_separator color=&#8221;custom&#8221; accent_color=&#8221;#606060&#8243;]<div class=\"ult-spacer spacer-69d47dd87f13c\" data-id=\"69d47dd87f13c\" data-height=\"12\" data-height-mobile=\"12\" data-height-tab=\"12\" data-height-tab-portrait=\"12\" data-height-mobile-landscape=\"12\" style=\"clear:both;display:block;\"><\/div><div class=\"ult-animation  ult-animate-viewport  ult-no-mobile \" data-animate=\"slideInUp\" data-animation-delay=\"0\" data-animation-duration=\"1\" data-animation-iteration=\"1\" style=\"opacity:0;\" data-opacity_start_effect=\"\"><div class=\"ult-spacer spacer-69d47dd87f1c9\" data-id=\"69d47dd87f1c9\" data-height=\"9\" data-height-mobile=\"9\" data-height-tab=\"9\" data-height-tab-portrait=\"9\" data-height-mobile-landscape=\"9\" style=\"clear:both;display:block;\"><\/div>[vc_column_text stm_styles=&#8221; style-italic&#8221;]<\/p>\n<p style=\"text-align: center;\"><span style=\"color: #a5a5a5;\">The quickest and simplest way from Klagenfurt Airport to the next Ski Resort is to make use of our Ski Transfers. <\/span><\/p>\n<p>[\/vc_column_text]<\/div>[\/vc_column][\/vc_row][vc_row bg_type=&#8221;bg_color&#8221; bg_override=&#8221;ex-full&#8221; css=&#8221;.vc_custom_1499950932727{padding-top: 0px !important;padding-bottom: 20px !important;}&#8221;][vc_column]<div class=\"ult-animation  ult-animate-viewport  ult-no-mobile \" data-animate=\"bounceIn\" data-animation-delay=\"0\" data-animation-duration=\"1.5\" data-animation-iteration=\"1\" style=\"opacity:0;\" data-opacity_start_effect=\"\">[vc_row_inner][vc_column_inner width=&#8221;1\/2&#8243;][vc_column_text]<\/p>\n<p align=\"justify\">Carinthia Transfers will pick you up directly from Klagenfurt Airport, your hotel or from home and take you to all surrounding ski areas like Bad Kleinkirchheim, Nassfeld, Turracherh\u00f6he, Annenheim, Wei\u00dfensee, Gerlitzen, Tr\u00f6polach or Heiligenblut. There is enough space in our prime limousines for your luggage and sports equipment. Our chauffeurs are trained for the work in this mountain landscape and know their way around. Our premium Mercedes cars have an all-wheel drive will safely take you to your destination of choice \u2013 at all weather conditions.<\/p>\n<p>[\/vc_column_text][\/vc_column_inner][vc_column_inner width=&#8221;1\/2&#8243;][vc_column_text]<\/p>\n<p align=\"justify\">Safety is our highest focus when it comes to Ski Transfers in Carinthia. If you are travelling with your children, we will as a matter of course equip our limousines with baby and child car seats. We unite comfort and class. All Ski or Airport Taxis at Carinthia Transfers are private \u2013 you can enjoy the ride calmly without any distractions. On top of that you can make use of several included services like WiFi and cooling beverages during the drive. Lean back and look forward to an exciting skiing day with Carinthia Transfers!<\/p>\n<p>[\/vc_column_text][\/vc_column_inner][\/vc_row_inner]<\/div>[\/vc_column][\/vc_row][vc_row css=&#8221;.vc_custom_1499951043845{padding-top: 20px !important;padding-bottom: 20px !important;}&#8221;][vc_column]<div class=\"ult-just-icon-wrapper  \"><div class=\"align-icon\" style=\"text-align:center;\">\n<div class=\"aio-icon-img \" style=\"font-size:60px;display:inline-block;\" >\n\t<img class=\"img-icon\" alt=\"null\" src=\"https:\/\/www.carinthia-transfers.com\/wp-content\/uploads\/2015\/03\/logo-icon-grau.png\"\/>\n<\/div><\/div><\/div><div class=\"ult-spacer spacer-69d47dd87f2a0\" data-id=\"69d47dd87f2a0\" data-height=\"10\" data-height-mobile=\"10\" data-height-tab=\"10\" data-height-tab-portrait=\"10\" data-height-mobile-landscape=\"10\" style=\"clear:both;display:block;\"><\/div>[vc_separator color=&#8221;custom&#8221; accent_color=&#8221;#606060&#8243;][\/vc_column][\/vc_row][vc_row bg_type=&#8221;bg_color&#8221; bg_override=&#8221;ex-full&#8221; css=&#8221;.vc_custom_1426675527276{padding-top: 60px !important;padding-bottom: 60px !important;}&#8221; bg_color_value=&#8221;#ffffff&#8221;][vc_column width=&#8221;1\/2&#8243;][vc_single_image image=&#8221;1237&#8243; img_size=&#8221;full&#8221; alignment=&#8221;center&#8221;][\/vc_column][vc_column width=&#8221;1\/2&#8243;][vc_single_image image=&#8221;1235&#8243; img_size=&#8221;full&#8221; alignment=&#8221;center&#8221;][\/vc_column][\/vc_row][vc_row bg_type=&#8221;bg_color&#8221; bg_override=&#8221;ex-full&#8221; bg_color_value=&#8221;#ffffff&#8221; css=&#8221;.vc_custom_1499845279037{padding-top: 75px !important;padding-bottom: 71px !important;}&#8221;][vc_column stm_styles=&#8221;style-1 &#8220;][vc_row_inner][vc_column_inner width=&#8221;1\/3&#8221;]<div class=\"ult-animation  ult-animate-viewport  ult-no-mobile \" data-animate=\"fadeInLeft\" data-animation-delay=\"0\" data-animation-duration=\"1.5\" data-animation-iteration=\"1\" style=\"opacity:0;\" data-opacity_start_effect=\"\"><div class=\"info_box\"><div class=\"info-box_img\" style=\"font-size:50px\"><img src=\"https:\/\/www.carinthia-transfers.com\/wp-content\/uploads\/2015\/03\/vip-taxi-klagenfurt.png\" alt=\"Premium Cars\" \/><\/div><h3>Premium Cars<\/h3><div class=\"info-box_separator\"><div class=\"line\"><\/div><\/div><p><span lang=\"en-CA\">Enjoy your safe drive through Carinthia in the best-equipped, newest S, V and E class Mercedes car models.<\/span><\/p>\n<\/div><\/div><div class=\"ult-spacer spacer-69d47dd87f677\" data-id=\"69d47dd87f677\" data-height=\"32\" data-height-mobile=\"32\" data-height-tab=\"32\" data-height-tab-portrait=\"32\" data-height-mobile-landscape=\"32\" style=\"clear:both;display:block;\"><\/div>[\/vc_column_inner][vc_column_inner width=&#8221;1\/3&#8243;]<div class=\"ult-animation  ult-animate-viewport  ult-no-mobile \" data-animate=\"fadeInLeft\" data-animation-delay=\"0.5\" data-animation-duration=\"1.5\" data-animation-iteration=\"1\" style=\"opacity:0;\" data-opacity_start_effect=\"\"><div class=\"info_box\"><div class=\"info-box_img\" style=\"font-size:50px\"><img src=\"https:\/\/www.carinthia-transfers.com\/wp-content\/uploads\/2015\/03\/taxi-klagenfurt.png\" alt=\"Cooling Beverages\" \/><\/div><h3>Cooling Beverages<\/h3><div class=\"info-box_separator\"><div class=\"line\"><\/div><\/div><p><span lang=\"en-CA\">For our clients we have prepared cooling drinks for all transfers with our premium Mercedes vehicles.<\/span><\/p>\n<\/div><\/div><div class=\"ult-spacer spacer-69d47dd87f9ed\" data-id=\"69d47dd87f9ed\" data-height=\"32\" data-height-mobile=\"32\" data-height-tab=\"32\" data-height-tab-portrait=\"32\" data-height-mobile-landscape=\"32\" style=\"clear:both;display:block;\"><\/div>[\/vc_column_inner][vc_column_inner width=&#8221;1\/3&#8243;]<div class=\"ult-animation  ult-animate-viewport  ult-no-mobile \" data-animate=\"fadeInLeft\" data-animation-delay=\"0.5\" data-animation-duration=\"1.5\" data-animation-iteration=\"1\" style=\"opacity:0;\" data-opacity_start_effect=\"\"><div class=\"info_box\"><div class=\"info-box_img\" style=\"font-size:50px\"><img src=\"https:\/\/www.carinthia-transfers.com\/wp-content\/uploads\/2015\/03\/airport-transfer-klagenfurt.png\" alt=\"WiFi\" \/><\/div><h3>WiFi<\/h3><div class=\"info-box_separator\"><div class=\"line\"><\/div><\/div><p><span lang=\"en-CA\">All of our prime limousines are equipped with WiFi, which as a matter of course can be used cost-free by our clients.<\/span><\/p>\n<\/div><\/div><div class=\"ult-spacer spacer-69d47dd87fccd\" data-id=\"69d47dd87fccd\" data-height=\"32\" data-height-mobile=\"32\" data-height-tab=\"32\" data-height-tab-portrait=\"32\" data-height-mobile-landscape=\"32\" style=\"clear:both;display:block;\"><\/div>[\/vc_column_inner][\/vc_row_inner][vc_row_inner][vc_column_inner width=&#8221;1\/3&#8243;]<div class=\"ult-animation  ult-animate-viewport  ult-no-mobile \" data-animate=\"fadeInLeft\" data-animation-delay=\"0\" data-animation-duration=\"1.5\" data-animation-iteration=\"1\" style=\"opacity:0;\" data-opacity_start_effect=\"\"><div class=\"info_box\"><div class=\"info-box_img\" style=\"font-size:50px\"><img src=\"https:\/\/www.carinthia-transfers.com\/wp-content\/uploads\/2015\/03\/taxi-klagenfurt-airport.png\" alt=\"Punctuality\" \/><\/div><h3>Punctuality<\/h3><div class=\"info-box_separator\"><div class=\"line\"><\/div><\/div><p><span lang=\"en-CA\">Reliability is one of our key factors. As a Taxi company, our highest goal is to chauffeur our clients safe and on time.<\/span><\/p>\n<\/div><\/div><div class=\"ult-spacer spacer-69d47dd88005a\" data-id=\"69d47dd88005a\" data-height=\"32\" data-height-mobile=\"32\" data-height-tab=\"32\" data-height-tab-portrait=\"32\" data-height-mobile-landscape=\"32\" style=\"clear:both;display:block;\"><\/div>[\/vc_column_inner][vc_column_inner width=&#8221;1\/3&#8243;]<div class=\"ult-animation  ult-animate-viewport  ult-no-mobile \" data-animate=\"fadeInLeft\" data-animation-delay=\"0.5\" data-animation-duration=\"1.5\" data-animation-iteration=\"1\" style=\"opacity:0;\" data-opacity_start_effect=\"\"><div class=\"info_box\"><div class=\"info-box_img\" style=\"font-size:50px\"><img src=\"https:\/\/www.carinthia-transfers.com\/wp-content\/uploads\/2015\/03\/taxi-kaernten.png\" alt=\"Top Chauffeurs\" \/><\/div><h3>Top Chauffeurs<\/h3><div class=\"info-box_separator\"><div class=\"line\"><\/div><\/div><p><span lang=\"en-CA\">All of our friendly drivers are annually trained, know their way around the area and speak several tongues.<\/span><\/p>\n<\/div><\/div><div class=\"ult-spacer spacer-69d47dd880343\" data-id=\"69d47dd880343\" data-height=\"32\" data-height-mobile=\"32\" data-height-tab=\"32\" data-height-tab-portrait=\"32\" data-height-mobile-landscape=\"32\" style=\"clear:both;display:block;\"><\/div>[\/vc_column_inner][vc_column_inner width=&#8221;1\/3&#8243;]<div class=\"ult-animation  ult-animate-viewport  ult-no-mobile \" data-animate=\"fadeInLeft\" data-animation-delay=\"0.5\" data-animation-duration=\"1.5\" data-animation-iteration=\"1\" style=\"opacity:0;\" data-opacity_start_effect=\"\"><div class=\"info_box\"><div class=\"info-box_img\" style=\"font-size:50px\"><img src=\"https:\/\/www.carinthia-transfers.com\/wp-content\/uploads\/2015\/03\/transfer-klagenfurt-airport.png\" alt=\"Baby &amp; Child Seats\" \/><\/div><h3>Baby &amp; Child Seats<\/h3><div class=\"info-box_separator\"><div class=\"line\"><\/div><\/div><p><span lang=\"en-CA\">To safely host your children in our VIP Taxi, we will of course equip our premium cars with baby and child car seats.<\/span><\/p>\n<\/div><\/div><div class=\"ult-spacer spacer-69d47dd880869\" data-id=\"69d47dd880869\" data-height=\"32\" data-height-mobile=\"32\" data-height-tab=\"32\" data-height-tab-portrait=\"32\" data-height-mobile-landscape=\"32\" style=\"clear:both;display:block;\"><\/div>[\/vc_column_inner][\/vc_row_inner][vc_row_inner][vc_column_inner width=&#8221;1\/3&#8243;]<div class=\"ult-animation  ult-animate-viewport  ult-no-mobile \" data-animate=\"fadeInLeft\" data-animation-delay=\"0\" data-animation-duration=\"1.5\" data-animation-iteration=\"1\" style=\"opacity:0;\" data-opacity_start_effect=\"\"><div class=\"info_box\"><div class=\"info-box_img\" style=\"font-size:50px\"><img src=\"https:\/\/www.carinthia-transfers.com\/wp-content\/uploads\/2015\/03\/3.png\" alt=\"Best Price Guarantee\" \/><\/div><h3>Best Price Guarantee<\/h3><div class=\"info-box_separator\"><div class=\"line\"><\/div><\/div><p><span lang=\"en-CA\">If you can find a better price for your transfers at another vendor, we will of course omit the difference \u2013 best prices for our clients.<\/span><\/p>\n<\/div><\/div><div class=\"ult-spacer spacer-69d47dd880d68\" data-id=\"69d47dd880d68\" data-height=\"32\" data-height-mobile=\"32\" data-height-tab=\"32\" data-height-tab-portrait=\"32\" data-height-mobile-landscape=\"32\" style=\"clear:both;display:block;\"><\/div>[\/vc_column_inner][vc_column_inner width=&#8221;1\/3&#8243;]<div class=\"ult-animation  ult-animate-viewport  ult-no-mobile \" data-animate=\"fadeInLeft\" data-animation-delay=\"0.5\" data-animation-duration=\"1.5\" data-animation-iteration=\"1\" style=\"opacity:0;\" data-opacity_start_effect=\"\"><div class=\"info_box\"><div class=\"info-box_img\" style=\"font-size:50px\"><img src=\"https:\/\/www.carinthia-transfers.com\/wp-content\/uploads\/2015\/03\/2.png\" alt=\"Fixed Prices\" \/><\/div><h3>Fixed Prices<\/h3><div class=\"info-box_separator\"><div class=\"line\"><\/div><\/div><p><span lang=\"en-CA\">At Carinthia Transfers you will get all of your drives (extras included) for a fixed price \u2013 there are no hidden costs for you.<\/span><\/p>\n<\/div><\/div><div class=\"ult-spacer spacer-69d47dd8810d3\" data-id=\"69d47dd8810d3\" data-height=\"32\" data-height-mobile=\"32\" data-height-tab=\"32\" data-height-tab-portrait=\"32\" data-height-mobile-landscape=\"32\" style=\"clear:both;display:block;\"><\/div>[\/vc_column_inner][vc_column_inner width=&#8221;1\/3&#8243;]<div class=\"ult-animation  ult-animate-viewport  ult-no-mobile \" data-animate=\"fadeInLeft\" data-animation-delay=\"0.5\" data-animation-duration=\"1.5\" data-animation-iteration=\"1\" style=\"opacity:0;\" data-opacity_start_effect=\"\"><div class=\"info_box\"><div class=\"info-box_img\" style=\"font-size:50px\"><img src=\"https:\/\/www.carinthia-transfers.com\/wp-content\/uploads\/2015\/03\/1.png\" alt=\"Flight Monitoring\" \/><\/div><h3>Flight Monitoring<\/h3><div class=\"info-box_separator\"><div class=\"line\"><\/div><\/div><p><span lang=\"en-CA\">Don\u2019t worry when your flight is delayed! We are tracking your flight times and are prepared for latency \u2013 it won\u2019t cost you anything.<\/span><\/p>\n<\/div><\/div><div class=\"ult-spacer spacer-69d47dd881522\" data-id=\"69d47dd881522\" data-height=\"32\" data-height-mobile=\"32\" data-height-tab=\"32\" data-height-tab-portrait=\"32\" data-height-mobile-landscape=\"32\" style=\"clear:both;display:block;\"><\/div>[\/vc_column_inner][\/vc_row_inner][\/vc_column][\/vc_row]<\/p>\n","protected":false},"excerpt":{"rendered":"<p>[vc_row][vc_column][layerslider_vc id=&#8221;2&#8243;][\/vc_column][\/vc_row][vc_row css=&#8221;.vc_custom_1499950940355{padding-top: 80px !important;padding-bottom: 20px !important;background-color: #ffffff !important;}&#8221;][vc_column][vc_separator color=&#8221;custom&#8221; accent_color=&#8221;#606060&#8243;][\/vc_column][\/vc_row][vc_row bg_type=&#8221;bg_color&#8221; bg_override=&#8221;ex-full&#8221; css=&#8221;.vc_custom_1499950932727{padding-top: 0px !important;padding-bottom: 20px !important;}&#8221;][vc_column][\/vc_column][\/vc_row][vc_row css=&#8221;.vc_custom_1499951043845{padding-top: 20px&#8230;<\/p>\n","protected":false},"author":1,"featured_media":0,"parent":0,"menu_order":0,"comment_status":"closed","ping_status":"closed","template":"","meta":[],"yoast_head":"<!-- This site is optimized with the Yoast SEO plugin v19.6 - https:\/\/yoast.com\/wordpress\/plugins\/seo\/ -->\n<title>Ski Transfers Carinthia and Klagenfurt | Carinthia Transfers<\/title>\n<meta name=\"description\" content=\"Carinthia Airport Transfers will safely take you and your sports equipment to all ski resorts around Klagenfurt and Ljubljana. We unite comfort and class.\" \/>\n<meta name=\"robots\" content=\"index, follow, max-snippet:-1, max-image-preview:large, max-video-preview:-1\" \/>\n<link rel=\"canonical\" href=\"https:\/\/www.carinthia-transfers.com\/en\/ski-transfers-carinthia\/\" \/>\n<meta property=\"og:locale\" content=\"en_US\" \/>\n<meta property=\"og:type\" content=\"article\" \/>\n<meta property=\"og:title\" content=\"Ski Transfers Carinthia and Klagenfurt | Carinthia Transfers\" \/>\n<meta property=\"og:description\" content=\"Carinthia Airport Transfers will safely take you and your sports equipment to all ski resorts around Klagenfurt and Ljubljana. We unite comfort and class.\" \/>\n<meta property=\"og:url\" content=\"https:\/\/www.carinthia-transfers.com\/en\/ski-transfers-carinthia\/\" \/>\n<meta property=\"og:site_name\" content=\"Carinthia Transfers\" \/>\n<meta property=\"article:publisher\" content=\"https:\/\/www.facebook.com\/carinthiatransfers\/\" \/>\n<meta property=\"article:modified_time\" content=\"2017-07-15T16:46:15+00:00\" \/>\n<meta name=\"twitter:card\" content=\"summary\" \/>\n<meta name=\"twitter:label1\" content=\"Est. reading time\" \/>\n\t<meta name=\"twitter:data1\" content=\"7 minutes\" \/>\n<script type=\"application\/ld+json\" class=\"yoast-schema-graph\">{\"@context\":\"https:\/\/schema.org\",\"@graph\":[{\"@type\":\"WebPage\",\"@id\":\"https:\/\/www.carinthia-transfers.com\/en\/ski-transfers-carinthia\/\",\"url\":\"https:\/\/www.carinthia-transfers.com\/en\/ski-transfers-carinthia\/\",\"name\":\"Ski Transfers Carinthia and Klagenfurt | Carinthia Transfers\",\"isPartOf\":{\"@id\":\"https:\/\/www.carinthia-transfers.com\/en\/#website\"},\"datePublished\":\"2017-07-13T13:23:41+00:00\",\"dateModified\":\"2017-07-15T16:46:15+00:00\",\"description\":\"Carinthia Airport Transfers will safely take you and your sports equipment to all ski resorts around Klagenfurt and Ljubljana. We unite comfort and class.\",\"breadcrumb\":{\"@id\":\"https:\/\/www.carinthia-transfers.com\/en\/ski-transfers-carinthia\/#breadcrumb\"},\"inLanguage\":\"en-US\",\"potentialAction\":[{\"@type\":\"ReadAction\",\"target\":[\"https:\/\/www.carinthia-transfers.com\/en\/ski-transfers-carinthia\/\"]}]},{\"@type\":\"BreadcrumbList\",\"@id\":\"https:\/\/www.carinthia-transfers.com\/en\/ski-transfers-carinthia\/#breadcrumb\",\"itemListElement\":[{\"@type\":\"ListItem\",\"position\":1,\"name\":\"Startseite\",\"item\":\"https:\/\/www.carinthia-transfers.com\/en\/\"},{\"@type\":\"ListItem\",\"position\":2,\"name\":\"Skitransfer Carinthia\"}]},{\"@type\":\"WebSite\",\"@id\":\"https:\/\/www.carinthia-transfers.com\/en\/#website\",\"url\":\"https:\/\/www.carinthia-transfers.com\/en\/\",\"name\":\"Carinthia Transfers\",\"description\":\"Eine weitere WordPress-Website\",\"publisher\":{\"@id\":\"https:\/\/www.carinthia-transfers.com\/en\/#organization\"},\"potentialAction\":[{\"@type\":\"SearchAction\",\"target\":{\"@type\":\"EntryPoint\",\"urlTemplate\":\"https:\/\/www.carinthia-transfers.com\/en\/?s={search_term_string}\"},\"query-input\":\"required name=search_term_string\"}],\"inLanguage\":\"en-US\"},{\"@type\":\"Organization\",\"@id\":\"https:\/\/www.carinthia-transfers.com\/en\/#organization\",\"name\":\"Carinthia Transfers Klagenfurt\",\"url\":\"https:\/\/www.carinthia-transfers.com\/en\/\",\"sameAs\":[\"https:\/\/www.facebook.com\/carinthiatransfers\/\"],\"logo\":{\"@type\":\"ImageObject\",\"inLanguage\":\"en-US\",\"@id\":\"https:\/\/www.carinthia-transfers.com\/en\/#\/schema\/logo\/image\/\",\"url\":\"https:\/\/www.carinthia-transfers.com\/wp-content\/uploads\/2017\/07\/logoicon.png\",\"contentUrl\":\"https:\/\/www.carinthia-transfers.com\/wp-content\/uploads\/2017\/07\/logoicon.png\",\"width\":159,\"height\":138,\"caption\":\"Carinthia Transfers Klagenfurt\"},\"image\":{\"@id\":\"https:\/\/www.carinthia-transfers.com\/en\/#\/schema\/logo\/image\/\"}}]}<\/script>\n<!-- \/ Yoast SEO plugin. -->","yoast_head_json":{"title":"Ski Transfers Carinthia and Klagenfurt | Carinthia Transfers","description":"Carinthia Airport Transfers will safely take you and your sports equipment to all ski resorts around Klagenfurt and Ljubljana. We unite comfort and class.","robots":{"index":"index","follow":"follow","max-snippet":"max-snippet:-1","max-image-preview":"max-image-preview:large","max-video-preview":"max-video-preview:-1"},"canonical":"https:\/\/www.carinthia-transfers.com\/en\/ski-transfers-carinthia\/","og_locale":"en_US","og_type":"article","og_title":"Ski Transfers Carinthia and Klagenfurt | Carinthia Transfers","og_description":"Carinthia Airport Transfers will safely take you and your sports equipment to all ski resorts around Klagenfurt and Ljubljana. We unite comfort and class.","og_url":"https:\/\/www.carinthia-transfers.com\/en\/ski-transfers-carinthia\/","og_site_name":"Carinthia Transfers","article_publisher":"https:\/\/www.facebook.com\/carinthiatransfers\/","article_modified_time":"2017-07-15T16:46:15+00:00","twitter_card":"summary","twitter_misc":{"Est. reading time":"7 minutes"},"schema":{"@context":"https:\/\/schema.org","@graph":[{"@type":"WebPage","@id":"https:\/\/www.carinthia-transfers.com\/en\/ski-transfers-carinthia\/","url":"https:\/\/www.carinthia-transfers.com\/en\/ski-transfers-carinthia\/","name":"Ski Transfers Carinthia and Klagenfurt | Carinthia Transfers","isPartOf":{"@id":"https:\/\/www.carinthia-transfers.com\/en\/#website"},"datePublished":"2017-07-13T13:23:41+00:00","dateModified":"2017-07-15T16:46:15+00:00","description":"Carinthia Airport Transfers will safely take you and your sports equipment to all ski resorts around Klagenfurt and Ljubljana. We unite comfort and class.","breadcrumb":{"@id":"https:\/\/www.carinthia-transfers.com\/en\/ski-transfers-carinthia\/#breadcrumb"},"inLanguage":"en-US","potentialAction":[{"@type":"ReadAction","target":["https:\/\/www.carinthia-transfers.com\/en\/ski-transfers-carinthia\/"]}]},{"@type":"BreadcrumbList","@id":"https:\/\/www.carinthia-transfers.com\/en\/ski-transfers-carinthia\/#breadcrumb","itemListElement":[{"@type":"ListItem","position":1,"name":"Startseite","item":"https:\/\/www.carinthia-transfers.com\/en\/"},{"@type":"ListItem","position":2,"name":"Skitransfer Carinthia"}]},{"@type":"WebSite","@id":"https:\/\/www.carinthia-transfers.com\/en\/#website","url":"https:\/\/www.carinthia-transfers.com\/en\/","name":"Carinthia Transfers","description":"Eine weitere WordPress-Website","publisher":{"@id":"https:\/\/www.carinthia-transfers.com\/en\/#organization"},"potentialAction":[{"@type":"SearchAction","target":{"@type":"EntryPoint","urlTemplate":"https:\/\/www.carinthia-transfers.com\/en\/?s={search_term_string}"},"query-input":"required name=search_term_string"}],"inLanguage":"en-US"},{"@type":"Organization","@id":"https:\/\/www.carinthia-transfers.com\/en\/#organization","name":"Carinthia Transfers Klagenfurt","url":"https:\/\/www.carinthia-transfers.com\/en\/","sameAs":["https:\/\/www.facebook.com\/carinthiatransfers\/"],"logo":{"@type":"ImageObject","inLanguage":"en-US","@id":"https:\/\/www.carinthia-transfers.com\/en\/#\/schema\/logo\/image\/","url":"https:\/\/www.carinthia-transfers.com\/wp-content\/uploads\/2017\/07\/logoicon.png","contentUrl":"https:\/\/www.carinthia-transfers.com\/wp-content\/uploads\/2017\/07\/logoicon.png","width":159,"height":138,"caption":"Carinthia Transfers Klagenfurt"},"image":{"@id":"https:\/\/www.carinthia-transfers.com\/en\/#\/schema\/logo\/image\/"}}]}},"_links":{"self":[{"href":"https:\/\/www.carinthia-transfers.com\/en\/wp-json\/wp\/v2\/pages\/1433"}],"collection":[{"href":"https:\/\/www.carinthia-transfers.com\/en\/wp-json\/wp\/v2\/pages"}],"about":[{"href":"https:\/\/www.carinthia-transfers.com\/en\/wp-json\/wp\/v2\/types\/page"}],"author":[{"embeddable":true,"href":"https:\/\/www.carinthia-transfers.com\/en\/wp-json\/wp\/v2\/users\/1"}],"replies":[{"embeddable":true,"href":"https:\/\/www.carinthia-transfers.com\/en\/wp-json\/wp\/v2\/comments?post=1433"}],"version-history":[{"count":0,"href":"https:\/\/www.carinthia-transfers.com\/en\/wp-json\/wp\/v2\/pages\/1433\/revisions"}],"wp:attachment":[{"href":"https:\/\/www.carinthia-transfers.com\/en\/wp-json\/wp\/v2\/media?parent=1433"}],"curies":[{"name":"wp","href":"https:\/\/api.w.org\/{rel}","templated":true}]}}